{"id":749,"date":"2025-11-29T11:06:31","date_gmt":"2025-11-29T11:06:31","guid":{"rendered":"https:\/\/openhaus.es\/a-clearer-way-to-sell-your-mallorca-property\/"},"modified":"2026-01-27T12:33:15","modified_gmt":"2026-01-27T12:33:15","slug":"una-forma-mas-clara-de-vender-su-propiedad-en-mallorca","status":"publish","type":"page","link":"https:\/\/openhaus.es\/es\/una-forma-mas-clara-de-vender-su-propiedad-en-mallorca\/","title":{"rendered":"Una forma m\u00e1s clara de vender su propiedad en Mallorca"},"content":{"rendered":"\n<style type=\"text\/css\" data-created_by=\"avia_inline_auto\" id=\"style-css-av-av_section-23cd7be1ee116453c9f77a7f0a4b03dd\">\n.avia-section.av-av_section-23cd7be1ee116453c9f77a7f0a4b03dd{\nbackground-color:#dcccbc;\nbackground-image:unset;\n}\n<\/style>\n<div id='av_section_1'  class='avia-section av-av_section-23cd7be1ee116453c9f77a7f0a4b03dd main_color avia-section-default avia-no-border-styling  avia-builder-el-0  avia-builder-el-no-sibling  avia-bg-style-scroll av-minimum-height av-minimum-height-100 av-height-100  container_wrap fullsize'   data-av_minimum_height_pc='100' data-av_min_height_opt='100'><div class='container av-section-cont-open' ><main  role=\"main\" itemprop=\"mainContentOfPage\"  class='template-page content  av-content-full alpha units'><div class='post-entry post-entry-type-page post-entry-749'><div class='entry-content-wrapper clearfix'>\n\n<style type=\"text\/css\" data-created_by=\"avia_inline_auto\" id=\"style-css-av-av_one_third-4fb03a5da311b691afce607c12ae8906\">\n.flex_column.av-av_one_third-4fb03a5da311b691afce607c12ae8906{\nborder-radius:8px 8px 8px 8px;\npadding:20px 20px 20px 20px;\nbackground-color:#758970;\n}\n<\/style>\n<div  class='flex_column av-av_one_third-4fb03a5da311b691afce607c12ae8906 av_one_third  avia-builder-el-1  el_before_av_two_third  avia-builder-el-first  first flex_column_div  '     ><p>\n<style type=\"text\/css\" data-created_by=\"avia_inline_auto\" id=\"style-css-av-mkwk40lg-188f94ab210ec63250cac42819bdcf59\">\n.avia-image-container.av-mkwk40lg-188f94ab210ec63250cac42819bdcf59 img.avia_image{\nbox-shadow:none;\n}\n.avia-image-container.av-mkwk40lg-188f94ab210ec63250cac42819bdcf59 .av-image-caption-overlay-center{\ncolor:#ffffff;\n}\n<\/style>\n<div  class='avia-image-container av-mkwk40lg-188f94ab210ec63250cac42819bdcf59 av-styling- avia-align-center  avia-builder-el-2  el_before_av_textblock  avia-builder-el-first '   itemprop=\"image\" itemscope=\"itemscope\" itemtype=\"https:\/\/schema.org\/ImageObject\" ><div class=\"avia-image-container-inner\"><div class=\"avia-image-overlay-wrap\"><img decoding=\"async\" fetchpriority=\"high\" class='wp-image-750 avia-img-lazy-loading-not-750 avia_image ' src=\"https:\/\/openhaus.es\/wp-content\/uploads\/2026\/01\/Yellow.jpg\" alt='A clearer way to sell your Mallorca property' title='openhaus-yellow-window'  height=\"600\" width=\"600\"  itemprop=\"thumbnailUrl\" srcset=\"https:\/\/openhaus.es\/wp-content\/uploads\/2026\/01\/Yellow.jpg 600w, https:\/\/openhaus.es\/wp-content\/uploads\/2026\/01\/Yellow-300x300.jpg 300w, https:\/\/openhaus.es\/wp-content\/uploads\/2026\/01\/Yellow-80x80.jpg 80w, https:\/\/openhaus.es\/wp-content\/uploads\/2026\/01\/Yellow-36x36.jpg 36w, https:\/\/openhaus.es\/wp-content\/uploads\/2026\/01\/Yellow-180x180.jpg 180w\" sizes=\"(max-width: 600px) 100vw, 600px\" \/><\/div><\/div><\/div><br \/>\n\n<style type=\"text\/css\" data-created_by=\"avia_inline_auto\" id=\"style-css-av-av_textblock-a5744841fda88186a9232f6ec31528e2\">\n#top .av_textblock_section.av-av_textblock-a5744841fda88186a9232f6ec31528e2 .avia_textblock{\ncolor:#ffffff;\n}\n<\/style>\n<section  class='av_textblock_section av-av_textblock-a5744841fda88186a9232f6ec31528e2 '   itemscope=\"itemscope\" itemtype=\"https:\/\/schema.org\/CreativeWork\" ><div class='avia_textblock av_inherit_color'  itemprop=\"text\" ><h2><strong>Nuestro Compromiso con los Vendedores<\/strong><\/h2>\n<p>Existimos para liberar a los propietarios de honorarios inflados, contratos restrictivos y la incertidumbre que ha caracterizado al mercado local durante a\u00f1os. Combinando pr\u00e1cticas internacionales contrastadas con un conocimiento profundo de los micromercados de Mallorca, Openhaus ofrece una alternativa moderna y basada en datos\u2014una que protege a los vendedores, mejora los resultados y restaura la confianza en el proceso.<\/p>\n<p><strong>Openhaus.<\/strong> Una forma m\u00e1s clara de vender tu propiedad.<\/p>\n<\/div><\/section><\/p><\/div><div  class='flex_column av-av_two_third-3b0d446bf9e6f7db91541aa567be4cdf av_two_third  avia-builder-el-4  el_after_av_one_third  avia-builder-el-last  flex_column_div  '     ><section  class='av_textblock_section av-av_textblock-968bb4beee967d2cb9d2b9bc4a85ffe6 '   itemscope=\"itemscope\" itemtype=\"https:\/\/schema.org\/CreativeWork\" ><div class='avia_textblock'  itemprop=\"text\" ><h2>Sobre Nosotros<\/h2>\n<p>Openhaus naci\u00f3 como una respuesta necesaria a un mercado inmobiliario local marcado por pr\u00e1cticas obsoletas, precios poco transparentes y un servicio inconsistente.<\/p>\n<p>Nuestra misi\u00f3n es sencilla: aportar claridad, equidad y est\u00e1ndares internacionales al mercado inmobiliario de Mallorca, ofreciendo a los propietarios una forma m\u00e1s inteligente y transparente de lograr el mejor resultado.<\/p>\n<p>En Estados Unidos y en varios pa\u00edses de Europa, los modelos de tarifa fija y comisiones reducidas llevan a\u00f1os consolid\u00e1ndose. Estos mercados han demostrado que, cuando los honorarios no dependen del precio final de venta, los propietarios se benefician de costes m\u00e1s predecibles, mayor transparencia y una relaci\u00f3n m\u00e1s justa con sus agentes. Openhaus incorpora estos principios al contexto mallorqu\u00edn, adapt\u00e1ndolos a las condiciones locales, a la regulaci\u00f3n y a las expectativas reales de los vendedores.<\/p>\n<\/div><\/section><br \/>\n\n<style type=\"text\/css\" data-created_by=\"avia_inline_auto\" id=\"style-css-av-av_hr-0d26c67d8d91c8a850950c746ed41804\">\n#top .hr.hr-invisible.av-av_hr-0d26c67d8d91c8a850950c746ed41804{\nheight:50px;\n}\n<\/style>\n<div  class='hr av-av_hr-0d26c67d8d91c8a850950c746ed41804 hr-invisible  avia-builder-el-6  el_after_av_textblock  el_before_av_textblock '><span class='hr-inner '><span class=\"hr-inner-style\"><\/span><\/span><\/div><br \/>\n<section  class='av_textblock_section av-av_textblock-968bb4beee967d2cb9d2b9bc4a85ffe6 '   itemscope=\"itemscope\" itemtype=\"https:\/\/schema.org\/CreativeWork\" ><div class='avia_textblock'  itemprop=\"text\" ><h2>Por Qu\u00e9 Openhaus Funciona<\/h2>\n<p>Nuestra tarifa fija est\u00e1 dise\u00f1ada seg\u00fan lo que <strong>realmente <\/strong>cuesta gestionar una venta: valoraci\u00f3n profesional, an\u00e1lisis de mercado, publicaci\u00f3n estrat\u00e9gica, negociaci\u00f3n y asistencia completa durante la transacci\u00f3n.<\/p>\n<p>Y, lo m\u00e1s importante, <strong>no est\u00e1 vinculada al valor de la propiedad<\/strong>, lo que significa:<\/p>\n<ul>\n<li>Tanto un vendedor de una vivienda de 300.000 \u20ac como uno de 800.000 \u20ac reciben el mismo servicio profesional.<\/li>\n<li>Los ahorros habituales oscilan entre el <strong>70% y el 85% <\/strong>frente a las comisiones tradicionales basadas en porcentaje.<\/li>\n<li>En los precios medios de la zona (400.000\u2013500.000 \u20ac), nuestro modelo equivale aproximadamente al <strong>1%<\/strong>, una tarifa justa, basada en costes reales y constante independientemente del precio de venta.<\/li>\n<\/ul>\n<\/div><\/section><br \/>\n\n<style type=\"text\/css\" data-created_by=\"avia_inline_auto\" id=\"style-css-av-av_hr-0d26c67d8d91c8a850950c746ed41804\">\n#top .hr.hr-invisible.av-av_hr-0d26c67d8d91c8a850950c746ed41804{\nheight:50px;\n}\n<\/style>\n<div  class='hr av-av_hr-0d26c67d8d91c8a850950c746ed41804 hr-invisible  avia-builder-el-8  el_after_av_textblock  el_before_av_textblock '><span class='hr-inner '><span class=\"hr-inner-style\"><\/span><\/span><\/div><br \/>\n<section  class='av_textblock_section av-av_textblock-968bb4beee967d2cb9d2b9bc4a85ffe6 '   itemscope=\"itemscope\" itemtype=\"https:\/\/schema.org\/CreativeWork\" ><div class='avia_textblock'  itemprop=\"text\" ><h2>Nuestros Principios<\/h2>\n<p>Openhaus se construye sobre seis principios fundamentales:<\/p>\n<ul>\n<li><strong>Transparencia<\/strong>: honorarios claros, procesos claros, comunicaci\u00f3n clara.<\/li>\n<li><strong>Equidad<\/strong>: pagas por el servicio, no por el valor de tu propiedad.<\/li>\n<li><strong>Conocimiento Local<\/strong>: valoraciones basadas en datos reales del mercado, no en suposiciones.<\/li>\n<li><strong>Precisi\u00f3n<\/strong>: cada recomendaci\u00f3n est\u00e1 fundamentada en an\u00e1lisis y evidencia.<\/li>\n<li><strong>Estrategia de Mejor Precio<\/strong>: utilizamos una l\u00f3gica de valoraci\u00f3n para determinar el precio de salida \u00f3ptimo.<\/li>\n<li><strong>Libertad<\/strong>: sin contratos vinculantes, y aun as\u00ed con el mismo apoyo completo de una agencia tradicional.<\/li>\n<\/ul>\n<\/div><\/section><\/p><\/div>\n","protected":false},"excerpt":{"rendered":"","protected":false},"author":1,"featured_media":0,"parent":0,"menu_order":0,"comment_status":"closed","ping_status":"closed","template":"","meta":{"footnotes":""},"class_list":["post-749","page","type-page","status-publish","hentry"],"_links":{"self":[{"href":"https:\/\/openhaus.es\/es\/wp-json\/wp\/v2\/pages\/749","targetHints":{"allow":["GET"]}}],"collection":[{"href":"https:\/\/openhaus.es\/es\/wp-json\/wp\/v2\/pages"}],"about":[{"href":"https:\/\/openhaus.es\/es\/wp-json\/wp\/v2\/types\/page"}],"author":[{"embeddable":true,"href":"https:\/\/openhaus.es\/es\/wp-json\/wp\/v2\/users\/1"}],"replies":[{"embeddable":true,"href":"https:\/\/openhaus.es\/es\/wp-json\/wp\/v2\/comments?post=749"}],"version-history":[{"count":0,"href":"https:\/\/openhaus.es\/es\/wp-json\/wp\/v2\/pages\/749\/revisions"}],"wp:attachment":[{"href":"https:\/\/openhaus.es\/es\/wp-json\/wp\/v2\/media?parent=749"}],"curies":[{"name":"wp","href":"https:\/\/api.w.org\/{rel}","templated":true}]}}