{"id":716,"date":"2025-12-10T12:04:51","date_gmt":"2025-12-10T12:04:51","guid":{"rendered":"https:\/\/openhaus.es\/save-on-real-estate-costs\/"},"modified":"2026-01-28T08:33:32","modified_gmt":"2026-01-28T08:33:32","slug":"ahorre-en-costos-inmobiliarios","status":"publish","type":"page","link":"https:\/\/openhaus.es\/es\/","title":{"rendered":"Ahorre en costos inmobiliarios"},"content":{"rendered":"\n<style type=\"text\/css\" data-created_by=\"avia_inline_auto\" id=\"style-css-av-5d69y4-ba82c50c4c2a22aa1410d64fafe205cf\">\n.avia-section.av-5d69y4-ba82c50c4c2a22aa1410d64fafe205cf{\nbackground-color:#dcccbc;\nbackground-image:unset;\n}\n<\/style>\n<div id='av_section_1'  class='avia-section av-5d69y4-ba82c50c4c2a22aa1410d64fafe205cf main_color avia-section-default avia-no-border-styling  avia-builder-el-0  avia-builder-el-no-sibling  avia-bg-style-scroll av-minimum-height av-minimum-height-100 av-height-100  container_wrap fullsize'   data-av_minimum_height_pc='100' data-av_min_height_opt='100'><div class='container av-section-cont-open' ><main  role=\"main\" itemprop=\"mainContentOfPage\"  class='template-page content  av-content-full alpha units'><div class='post-entry post-entry-type-page post-entry-716'><div class='entry-content-wrapper clearfix'>\n<div  class='flex_column av-iq4as-4ce0fe84cd13a6f5c7bc70fc40232ca6 av_one_half  avia-builder-el-1  el_before_av_one_half  avia-builder-el-first  first flex_column_div  '     ><section  class='av_textblock_section av-4zzf1g-210931e60a55935022cf2c1cd027fb35 '   itemscope=\"itemscope\" itemtype=\"https:\/\/schema.org\/CreativeWork\" ><div class='avia_textblock'  itemprop=\"text\" ><h1>Openhaus &#8211; the fixed fee real estate agency<\/h1>\n<\/div><\/section><br \/>\n\n<style type=\"text\/css\" data-created_by=\"avia_inline_auto\" id=\"style-css-av-4wp8es-0fc725516429b8eba1d36d08cb841f94\">\n#top .av_textblock_section.av-4wp8es-0fc725516429b8eba1d36d08cb841f94 .avia_textblock{\ncolor:#be5103;\n}\n<\/style>\n<section  class='av_textblock_section av-4wp8es-0fc725516429b8eba1d36d08cb841f94 '   itemscope=\"itemscope\" itemtype=\"https:\/\/schema.org\/CreativeWork\" ><div class='avia_textblock av_inherit_color'  itemprop=\"text\" ><h2><strong>Una manera m\u00e1s clara y justa de vender su propiedad en Mallorca.<\/strong><\/h2>\n<\/div><\/section><br \/>\n\n<style type=\"text\/css\" data-created_by=\"avia_inline_auto\" id=\"style-css-av-4q82w4-61aa0d1270fe3494b05f44ebe200d9f9\">\n#top .av_textblock_section.av-4q82w4-61aa0d1270fe3494b05f44ebe200d9f9 .avia_textblock{\nfont-size:20px;\n}\n<\/style>\n<section  class='av_textblock_section av-4q82w4-61aa0d1270fe3494b05f44ebe200d9f9 '   itemscope=\"itemscope\" itemtype=\"https:\/\/schema.org\/CreativeWork\" ><div class='avia_textblock'  itemprop=\"text\" ><p style=\"font-weight: 400;\">Descubra c\u00f3mo los propietarios est\u00e1n <strong>reduciendo sus costes de venta hasta un 70%<\/strong> en comparaci\u00f3n con las <a href=\"https:\/\/openhaus.es\/es\/costes-de-cierre-en-la-venta-de-una-propiedad-en-mallorca\/\">comisiones<\/a> de las agencias inmobiliarias tradicionales \u2014 gracias a un modelo m\u00e1s transparente y moderno.<\/p>\n<\/div><\/section><br \/>\n\n<style type=\"text\/css\" data-created_by=\"avia_inline_auto\" id=\"style-css-av-4kzkmk-32eb5809feffc8f55bf1f13f24885c4d\">\n#top .hr.hr-invisible.av-4kzkmk-32eb5809feffc8f55bf1f13f24885c4d{\nheight:50px;\n}\n<\/style>\n<div  class='hr av-4kzkmk-32eb5809feffc8f55bf1f13f24885c4d hr-invisible  avia-builder-el-5  el_after_av_textblock  el_before_av_contact  av-mini-hide'><span class='hr-inner '><span class=\"hr-inner-style\"><\/span><\/span><\/div><br \/>\n<form action=\"https:\/\/openhaus.es\/es\/\" method=\"post\" data-fields-with-error=\"Found errors in the following field(s):\" class=\"avia_ajax_form av-form-labels-hidden   avia-builder-el-6  el_after_av_hr  el_before_av_textblock   \" data-avia-form-id=\"1\" data-avia-redirect=''  aria-label='Contact Form' ><h3 class=''>Abre la puerta a una forma m\u00e1s estrat\u00e9gica de vender.<\/h3><fieldset><p class='  first_form  form_element form_fullwidth' id='element_avia_1_1'><label for=\"avia_1_1\"> Nombre <abbr class=\"required\" title=\"requerido\">*<\/abbr><\/label> <input name=\"avia_1_1\" class=\"text_input is_empty\" type=\"text\" id=\"avia_1_1\" value=\"\"  placeholder=' Nombre*'\/><\/p><p class='  first_form  form_element form_element_half' id='element_avia_2_1'><label for=\"avia_2_1\">Correo electr\u00f3nico <abbr class=\"required\" title=\"requerido\">*<\/abbr><\/label> <input name=\"avia_2_1\" class=\"text_input is_email\" type=\"text\" id=\"avia_2_1\" value=\"\"  placeholder='Correo electr\u00f3nico*'\/><\/p><p class='  form_element form_element_half' id='element_avia_3_1'><label for=\"avia_3_1\">Tel\u00e9fono <abbr class=\"required\" title=\"requerido\">*<\/abbr><\/label> <input name=\"avia_3_1\" class=\"text_input is_empty\" type=\"text\" id=\"avia_3_1\" value=\"\"  placeholder='Tel\u00e9fono*'\/><\/p><p class='  first_form  form_element form_fullwidth' id='element_avia_4_1'><label for=\"avia_4_1\">Direcci\u00f3n de la propiedad<\/label> <input name=\"avia_4_1\" class=\"text_input \" type=\"text\" id=\"avia_4_1\" value=\"\"  placeholder='Direcci\u00f3n de la propiedad'\/><\/p><p class='  first_form  form_element form_fullwidth' id='element_avia_5_1'><label for=\"avia_5_1\"> Tipo de propiedad<\/label><select  name=\"avia_5_1\" class=\"select \" id=\"avia_5_1\"><option class=\"av-placeholder\" disabled=\"disabled\" selected=\"selected\" value=''>Tipo de propiedad<\/option><option   value='Apartamento'>Apartamento<\/option><option   value='Villa'>Villa<\/option><option   value='Casa adosada'>Casa adosada<\/option><option   value='Terreno'>Terreno<\/option><option   value='Otro'>Otro<\/option><\/select><\/p><p class='  first_form  form_element form_element_fourth' id='element_avia_6_1'><label for=\"avia_6_1\"> Dormitorios<\/label><select  name=\"avia_6_1\" class=\"select \" id=\"avia_6_1\"><option class=\"av-placeholder\" disabled=\"disabled\" selected=\"selected\" value=''>Dormitorios<\/option><option   value='1'>1<\/option><option   value='2'>2<\/option><option   value='3'>3<\/option><option   value='4'>4<\/option><option   value='5'>5<\/option><\/select><\/p><p class='  form_element form_element_fourth' id='element_avia_7_1'><label for=\"avia_7_1\">Ba\u00f1os<\/label><select  name=\"avia_7_1\" class=\"select \" id=\"avia_7_1\"><option class=\"av-placeholder\" disabled=\"disabled\" selected=\"selected\" value=''>Ba\u00f1os<\/option><option   value='1'>1<\/option><option   value='2'>2<\/option><option   value='3'>3<\/option><option   value='4'>4<\/option><option   value='5'>5<\/option><\/select><\/p><p class='  form_element form_element_fourth' id='element_avia_8_1'><label for=\"avia_8_1\">Superficie construida (m\u00b2)<\/label> <input name=\"avia_8_1\" class=\"text_input \" type=\"text\" id=\"avia_8_1\" value=\"\"  placeholder='Superficie construida (m\u00b2)'\/><\/p><p class='  form_element form_element_fourth' id='element_avia_9_1'><label for=\"avia_9_1\">A\u00f1o de construcci\u00f3n<\/label> <input name=\"avia_9_1\" class=\"text_input \" type=\"text\" id=\"avia_9_1\" value=\"\"  placeholder='A\u00f1o de construcci\u00f3n'\/><\/p><p class='  first_form  form_element form_fullwidth av-last-visible-form-element' id='element_avia_10_1'><label for=\"avia_10_1\">\u00bfAlguna reforma reciente?<\/label> <input name=\"avia_10_1\" class=\"text_input \" type=\"text\" id=\"avia_10_1\" value=\"\"  placeholder='\u00bfAlguna reforma reciente?'\/><\/p><p class=\"hidden\"><input type=\"text\" name=\"avia_11_1\" class=\"hidden \" id=\"avia_11_1\" value=\"\" \/><\/p><p class=\"form_element \"><input type=\"hidden\" value=\"1\" name=\"avia_generated_form1\" \/><input type=\"submit\" value=\"Registre su inter\u00e9s\" class=\"button\"  data-sending-label=\"Enviando\"\/><\/p><\/fieldset><\/form><div id=\"ajaxresponse_1\" class=\"ajaxresponse ajaxresponse_1 hidden\"><\/div><br \/>\n\n<style type=\"text\/css\" data-created_by=\"avia_inline_auto\" id=\"style-css-av-2l6lzg-f1ff056d4cd560c70a3eec798876489d\">\n#top .av_textblock_section.av-2l6lzg-f1ff056d4cd560c70a3eec798876489d .avia_textblock{\nfont-size:12px;\n}\n<\/style>\n<section  class='av_textblock_section av-2l6lzg-f1ff056d4cd560c70a3eec798876489d '   itemscope=\"itemscope\" itemtype=\"https:\/\/schema.org\/CreativeWork\" ><div class='avia_textblock'  itemprop=\"text\" ><p>100% gratis. Valoraci\u00f3n en 24-48 horas. Sin obligaci\u00f3n de publicaci\u00f3n.<\/p>\n<\/div><\/section><\/p><\/div><div  class='flex_column av-2dp1ic-f218336a7b288dbf179511a7fdebf2ad av_one_half  avia-builder-el-8  el_after_av_one_half  el_before_av_hr  flex_column_div  '     ><style type=\"text\/css\" data-created_by=\"avia_inline_auto\" id=\"style-css-av-mkwj6600-5ab0097750206caa12f7ffa369cae04b\">\n.avia-image-container.av-mkwj6600-5ab0097750206caa12f7ffa369cae04b img.avia_image{\nbox-shadow:none;\n}\n.avia-image-container.av-mkwj6600-5ab0097750206caa12f7ffa369cae04b .av-image-caption-overlay-center{\ncolor:#ffffff;\n}\n<\/style>\n<div  class='avia-image-container av-mkwj6600-5ab0097750206caa12f7ffa369cae04b av-styling- avia-align-center  avia-builder-el-9  avia-builder-el-no-sibling '   itemprop=\"image\" itemscope=\"itemscope\" itemtype=\"https:\/\/schema.org\/ImageObject\" ><div class=\"avia-image-container-inner\"><div class=\"avia-image-overlay-wrap\"><img decoding=\"async\" fetchpriority=\"high\" class='wp-image-718 avia-img-lazy-loading-not-718 avia_image ' src=\"https:\/\/openhaus.es\/wp-content\/uploads\/2026\/01\/Home-900.png\" alt='Save on Real Estate Costs with Opehaus Fixed Fees' title='home window openhaus real estate'  height=\"819\" width=\"900\"  itemprop=\"thumbnailUrl\" srcset=\"https:\/\/openhaus.es\/wp-content\/uploads\/2026\/01\/Home-900.png 900w, https:\/\/openhaus.es\/wp-content\/uploads\/2026\/01\/Home-900-300x273.png 300w, https:\/\/openhaus.es\/wp-content\/uploads\/2026\/01\/Home-900-768x699.png 768w, https:\/\/openhaus.es\/wp-content\/uploads\/2026\/01\/Home-900-705x642.png 705w\" sizes=\"(max-width: 900px) 100vw, 900px\" \/><\/div><\/div><\/div><\/div>\n<style type=\"text\/css\" data-created_by=\"avia_inline_auto\" id=\"style-css-av-2al6i4-42cbe66a4383857c4a26b37e01eb41df\">\n#top .hr.hr-invisible.av-2al6i4-42cbe66a4383857c4a26b37e01eb41df{\nheight:50px;\n}\n<\/style>\n<div  class='hr av-2al6i4-42cbe66a4383857c4a26b37e01eb41df hr-invisible  avia-builder-el-10  el_after_av_one_half  el_before_av_one_third '><span class='hr-inner '><span class=\"hr-inner-style\"><\/span><\/span><\/div>\n<div class='flex_column_table av-2231o4-9b4fd15044277771a6860e9c266cf409 sc-av_one_third av-equal-height-column-flextable'>\n<style type=\"text\/css\" data-created_by=\"avia_inline_auto\" id=\"style-css-av-2231o4-9b4fd15044277771a6860e9c266cf409\">\n.flex_column.av-2231o4-9b4fd15044277771a6860e9c266cf409{\nborder-radius:8px 8px 8px 8px;\npadding:20px 20px 2px 20px;\nbackground-color:#758970;\n}\n<\/style>\n<div  class='flex_column av-2231o4-9b4fd15044277771a6860e9c266cf409 av_one_third  avia-builder-el-11  el_after_av_hr  el_before_av_one_third  first flex_column_table_cell av-equal-height-column av-align-top  '     ><style type=\"text\/css\" data-created_by=\"avia_inline_auto\" id=\"style-css-av-1vcxmc-0f0ec7e68888a000222afa3514453dba\">\n#top .av_textblock_section.av-1vcxmc-0f0ec7e68888a000222afa3514453dba .avia_textblock{\ncolor:#ffffff;\n}\n<\/style>\n<section  class='av_textblock_section av-1vcxmc-0f0ec7e68888a000222afa3514453dba '   itemscope=\"itemscope\" itemtype=\"https:\/\/schema.org\/CreativeWork\" ><div class='avia_textblock av_inherit_color'  itemprop=\"text\" ><h2><strong>Nuestro Enfoque<\/strong><\/h2>\n<ul>\n<li>Una estructura de tarifa fija que aporta transparencia y previsibilidad a cada etapa de la venta.<\/li>\n<li>Libertad y flexibilidad, sin exclusividades ni contratos de larga duraci\u00f3n.<\/li>\n<li>Una tarifa fija pagada \u00fanicamente cuando su propiedad se venda.<\/li>\n<\/ul>\n<\/div><\/section><\/div><div class='av-flex-placeholder'><\/div>\n<style type=\"text\/css\" data-created_by=\"avia_inline_auto\" id=\"style-css-av-1phhqk-e1b204909cca44654edfd7f8cf44997d\">\n.flex_column.av-1phhqk-e1b204909cca44654edfd7f8cf44997d{\nborder-radius:8px 8px 8px 8px;\npadding:20px 20px 20px 20px;\nbackground-color:#758970;\n}\n<\/style>\n<div  class='flex_column av-1phhqk-e1b204909cca44654edfd7f8cf44997d av_one_third  avia-builder-el-13  el_after_av_one_third  el_before_av_one_third  flex_column_table_cell av-equal-height-column av-align-top  '     ><style type=\"text\/css\" data-created_by=\"avia_inline_auto\" id=\"style-css-av-1kiack-d7269191ad892c41424abe1d8568d5d1\">\n#top .av_textblock_section.av-1kiack-d7269191ad892c41424abe1d8568d5d1 .avia_textblock{\ncolor:#ffffff;\n}\n<\/style>\n<section  class='av_textblock_section av-1kiack-d7269191ad892c41424abe1d8568d5d1 '   itemscope=\"itemscope\" itemtype=\"https:\/\/schema.org\/CreativeWork\" ><div class='avia_textblock av_inherit_color'  itemprop=\"text\" ><h2><strong>Nuestro M\u00e9todo<\/strong><\/h2>\n<ul>\n<li><strong>Dise\u00f1ado para propietarios:<\/strong> valoraci\u00f3n basada en datos, ahorro real y control total desde el inicio hasta la firma.<\/li>\n<li><strong>An\u00e1lisis experto:<\/strong> interpretaci\u00f3n profesional de tendencias, comparables y contexto para apoyar decisiones informadas y seguras.<\/li>\n<\/ul>\n<\/div><\/section><\/div><div class='av-flex-placeholder'><\/div>\n<style type=\"text\/css\" data-created_by=\"avia_inline_auto\" id=\"style-css-av-1do93g-c6f11a2310dbe9e2f43b20c9b64435d2\">\n.flex_column.av-1do93g-c6f11a2310dbe9e2f43b20c9b64435d2{\nborder-radius:8px 8px 8px 8px;\npadding:20px 20px 20px 20px;\nbackground-color:#758970;\n}\n<\/style>\n<div  class='flex_column av-1do93g-c6f11a2310dbe9e2f43b20c9b64435d2 av_one_third  avia-builder-el-15  el_after_av_one_third  el_before_av_hr  flex_column_table_cell av-equal-height-column av-align-top  '     ><style type=\"text\/css\" data-created_by=\"avia_inline_auto\" id=\"style-css-av-4jnr8-3ce86b3a391f787aec90a29ee0812cf1\">\n#top .av_textblock_section.av-4jnr8-3ce86b3a391f787aec90a29ee0812cf1 .avia_textblock{\ncolor:#ffffff;\n}\n<\/style>\n<section  class='av_textblock_section av-4jnr8-3ce86b3a391f787aec90a29ee0812cf1 '   itemscope=\"itemscope\" itemtype=\"https:\/\/schema.org\/CreativeWork\" ><div class='avia_textblock av_inherit_color'  itemprop=\"text\" ><h2><strong>C\u00f3mo Funciona<\/strong><\/h2>\n<ul>\n<li>Desde la <strong>valoraci\u00f3n hasta la firma<\/strong>, todo el proceso est\u00e1 estructurado en torno a la claridad, la transparencia y los datos.<\/li>\n<li>Un <strong>servicio \u00e1gil<\/strong> que combina an\u00e1lisis real del mercado, una estrategia definida y acompa\u00f1amiento profesional \u2014 sin la complejidad ni las condiciones que suelen encontrarse en el mercado tradicional.<\/li>\n<\/ul>\n<\/div><\/section><\/div><\/div><!--close column table wrapper. Autoclose: 1 -->\n<style type=\"text\/css\" data-created_by=\"avia_inline_auto\" id=\"style-css-av-40mkk-963bdbd595dfb42ac819a6b99a6a6a4b\">\n#top .hr.hr-invisible.av-40mkk-963bdbd595dfb42ac819a6b99a6a6a4b{\nheight:50px;\n}\n<\/style>\n<div  class='hr av-40mkk-963bdbd595dfb42ac819a6b99a6a6a4b hr-invisible  avia-builder-el-17  el_after_av_one_third  el_before_av_one_half '><span class='hr-inner '><span class=\"hr-inner-style\"><\/span><\/span><\/div>\n<div  class='flex_column av-329os-2d52ed8c252276a6e826a5c6a81d448b av_one_half  avia-builder-el-18  el_after_av_hr  el_before_av_one_half  first flex_column_div  '     ><\/div><div  class='flex_column av-sxj5g-0bb39c65ef2511d9dcc4d4a2705cb2a1 av_one_half  avia-builder-el-19  el_after_av_one_half  el_before_av_hr  flex_column_div  '     ><p>\n<style type=\"text\/css\" data-created_by=\"avia_inline_auto\" id=\"style-css-av-ijr4s-61a7d023b42622fb2ec12d8f7a04f61a\">\n#top .hr.hr-invisible.av-ijr4s-61a7d023b42622fb2ec12d8f7a04f61a{\nheight:50px;\n}\n<\/style>\n<div  class='hr av-ijr4s-61a7d023b42622fb2ec12d8f7a04f61a hr-invisible  avia-builder-el-20  el_before_av_textblock  avia-builder-el-first  av-desktop-hide av-medium-hide av-small-hide'><span class='hr-inner '><span class=\"hr-inner-style\"><\/span><\/span><\/div><br \/>\n<section  class='av_textblock_section av-dr330-155e0b1a768e8bab5012d7614ee1662a '   itemscope=\"itemscope\" itemtype=\"https:\/\/schema.org\/CreativeWork\" ><div class='avia_textblock'  itemprop=\"text\" ><h2>\u201c<b>openhaus<\/b> gestion\u00f3 cada etapa de nuestra venta con precisi\u00f3n y cuidado, desde la valoraci\u00f3n hasta el cierre. El proceso fue transparente y profesional. \u201d<\/h2>\n<\/div><\/section><\/p><\/div>\n<style type=\"text\/css\" data-created_by=\"avia_inline_auto\" id=\"style-css-av-7ggwk-3b9195b7aff6a044862ee07966cc4477\">\n#top .hr.hr-invisible.av-7ggwk-3b9195b7aff6a044862ee07966cc4477{\nheight:50px;\n}\n<\/style>\n<div  class='hr av-7ggwk-3b9195b7aff6a044862ee07966cc4477 hr-invisible  avia-builder-el-22  el_after_av_one_half  avia-builder-el-last '><span class='hr-inner '><span class=\"hr-inner-style\"><\/span><\/span><\/div>\n\n","protected":false},"excerpt":{"rendered":"","protected":false},"author":1,"featured_media":0,"parent":0,"menu_order":0,"comment_status":"closed","ping_status":"closed","template":"","meta":{"footnotes":""},"class_list":["post-716","page","type-page","status-publish","hentry"],"_links":{"self":[{"href":"https:\/\/openhaus.es\/es\/wp-json\/wp\/v2\/pages\/716","targetHints":{"allow":["GET"]}}],"collection":[{"href":"https:\/\/openhaus.es\/es\/wp-json\/wp\/v2\/pages"}],"about":[{"href":"https:\/\/openhaus.es\/es\/wp-json\/wp\/v2\/types\/page"}],"author":[{"embeddable":true,"href":"https:\/\/openhaus.es\/es\/wp-json\/wp\/v2\/users\/1"}],"replies":[{"embeddable":true,"href":"https:\/\/openhaus.es\/es\/wp-json\/wp\/v2\/comments?post=716"}],"version-history":[{"count":0,"href":"https:\/\/openhaus.es\/es\/wp-json\/wp\/v2\/pages\/716\/revisions"}],"wp:attachment":[{"href":"https:\/\/openhaus.es\/es\/wp-json\/wp\/v2\/media?parent=716"}],"curies":[{"name":"wp","href":"https:\/\/api.w.org\/{rel}","templated":true}]}}